{"id":416,"date":"2022-05-29T10:32:02","date_gmt":"2022-05-29T10:32:02","guid":{"rendered":"https:\/\/excitable-picture.localsite.io\/?page_id=416"},"modified":"2022-07-08T18:39:07","modified_gmt":"2022-07-08T18:39:07","slug":"vabaduse-valjak-ja-raekoja-plats","status":"publish","type":"page","link":"http:\/\/www.meeskond.ee\/en\/vabaduse-valjak-ja-raekoja-plats\/","title":{"rendered":"Vabaduse v\u00e4ljak ja Raekoja plats"},"content":{"rendered":"<div data-elementor-type=\"wp-page\" data-elementor-id=\"416\" class=\"elementor elementor-416\">\n\t\t\t\t\t\t<section class=\"elementor-section elementor-top-section elementor-element elementor-element-7134998 elementor-section-boxed elementor-section-height-default elementor-section-height-default\" data-id=\"7134998\" data-element_type=\"section\" data-e-type=\"section\">\n\t\t\t\t\t\t<div class=\"elementor-container elementor-column-gap-default\">\n\t\t\t\t\t<div class=\"elementor-column elementor-col-100 elementor-top-column elementor-element elementor-element-d25a70b\" data-id=\"d25a70b\" data-element_type=\"column\" data-e-type=\"column\">\n\t\t\t<div class=\"elementor-widget-wrap elementor-element-populated\">\n\t\t\t\t\t\t<div class=\"elementor-element elementor-element-9627b18 elementor-widget elementor-widget-spacer\" data-id=\"9627b18\" data-element_type=\"widget\" data-e-type=\"widget\" data-widget_type=\"spacer.default\">\n\t\t\t\t<div class=\"elementor-widget-container\">\n\t\t\t\t\t\t\t<div class=\"elementor-spacer\">\n\t\t\t<div class=\"elementor-spacer-inner\"><\/div>\n\t\t<\/div>\n\t\t\t\t\t\t<\/div>\n\t\t\t\t<\/div>\n\t\t\t\t<div class=\"elementor-element elementor-element-eda7069 elementor-widget elementor-widget-heading\" data-id=\"eda7069\" data-element_type=\"widget\" data-e-type=\"widget\" data-widget_type=\"heading.default\">\n\t\t\t\t<div class=\"elementor-widget-container\">\n\t\t\t\t\t<h2 class=\"elementor-heading-title elementor-size-default\">Vabaduse v\u00e4ljak ja Raekoja plats<\/h2>\t\t\t\t<\/div>\n\t\t\t\t<\/div>\n\t\t\t\t\t<\/div>\n\t\t<\/div>\n\t\t\t\t\t<\/div>\n\t\t<\/section>\n\t\t\t\t<section class=\"elementor-section elementor-top-section elementor-element elementor-element-71226b0 elementor-section-boxed elementor-section-height-default elementor-section-height-default\" data-id=\"71226b0\" data-element_type=\"section\" data-e-type=\"section\">\n\t\t\t\t\t\t<div class=\"elementor-container elementor-column-gap-default\">\n\t\t\t\t\t<div class=\"elementor-column elementor-col-66 elementor-top-column elementor-element elementor-element-4c29b7f\" data-id=\"4c29b7f\" data-element_type=\"column\" data-e-type=\"column\">\n\t\t\t<div class=\"elementor-widget-wrap elementor-element-populated\">\n\t\t\t\t\t\t<div class=\"elementor-element elementor-element-b2a3f9d elementor-arrows-position-inside elementor-widget elementor-widget-image-carousel\" data-id=\"b2a3f9d\" data-element_type=\"widget\" data-e-type=\"widget\" data-settings=\"{&quot;slides_to_show&quot;:&quot;1&quot;,&quot;navigation&quot;:&quot;arrows&quot;,&quot;autoplay_speed&quot;:3000,&quot;autoplay&quot;:&quot;yes&quot;,&quot;pause_on_hover&quot;:&quot;yes&quot;,&quot;pause_on_interaction&quot;:&quot;yes&quot;,&quot;infinite&quot;:&quot;yes&quot;,&quot;effect&quot;:&quot;slide&quot;,&quot;speed&quot;:500}\" data-widget_type=\"image-carousel.default\">\n\t\t\t\t<div class=\"elementor-widget-container\">\n\t\t\t\t\t\t\t<div class=\"elementor-image-carousel-wrapper swiper\" role=\"region\" aria-roledescription=\"carousel\" aria-label=\"Image Carousel\" dir=\"ltr\">\n\t\t\t<div class=\"elementor-image-carousel swiper-wrapper\" aria-live=\"off\">\n\t\t\t\t\t\t\t\t<div class=\"swiper-slide\" role=\"group\" aria-roledescription=\"slide\" aria-label=\"1 of 2\"><figure class=\"swiper-slide-inner\"><img decoding=\"async\" class=\"swiper-slide-image\" src=\"https:\/\/www.meeskond.ee\/wp-content\/uploads\/2022\/06\/DSC5957.jpg\" alt=\"DSC5957\" \/><\/figure><\/div><div class=\"swiper-slide\" role=\"group\" aria-roledescription=\"slide\" aria-label=\"2 of 2\"><figure class=\"swiper-slide-inner\"><img decoding=\"async\" class=\"swiper-slide-image\" src=\"https:\/\/www.meeskond.ee\/wp-content\/uploads\/2022\/05\/DSC86081.jpg\" alt=\"DSC86081\" \/><\/figure><\/div>\t\t\t<\/div>\n\t\t\t\t\t\t\t\t\t\t\t\t<div class=\"elementor-swiper-button elementor-swiper-button-prev\" role=\"button\" tabindex=\"0\">\n\t\t\t\t\t\t<i aria-hidden=\"true\" class=\"eicon-chevron-left\"><\/i>\t\t\t\t\t<\/div>\n\t\t\t\t\t<div class=\"elementor-swiper-button elementor-swiper-button-next\" role=\"button\" tabindex=\"0\">\n\t\t\t\t\t\t<i aria-hidden=\"true\" class=\"eicon-chevron-right\"><\/i>\t\t\t\t\t<\/div>\n\t\t\t\t\n\t\t\t\t\t\t\t\t\t<\/div>\n\t\t\t\t\t\t<\/div>\n\t\t\t\t<\/div>\n\t\t\t\t\t<\/div>\n\t\t<\/div>\n\t\t\t\t<div class=\"elementor-column elementor-col-33 elementor-top-column elementor-element elementor-element-a712673\" data-id=\"a712673\" data-element_type=\"column\" data-e-type=\"column\">\n\t\t\t<div class=\"elementor-widget-wrap elementor-element-populated\">\n\t\t\t\t\t\t<div class=\"elementor-element elementor-element-74f0ca8 elementor-widget elementor-widget-heading\" data-id=\"74f0ca8\" data-element_type=\"widget\" data-e-type=\"widget\" data-widget_type=\"heading.default\">\n\t\t\t\t<div class=\"elementor-widget-container\">\n\t\t\t\t\t<h2 class=\"elementor-heading-title elementor-size-default\">Tehtud \u00fcritused<\/h2>\t\t\t\t<\/div>\n\t\t\t\t<\/div>\n\t\t\t\t<div class=\"elementor-element elementor-element-d047f99 elementor-widget elementor-widget-text-editor\" data-id=\"d047f99\" data-element_type=\"widget\" data-e-type=\"widget\" data-widget_type=\"text-editor.default\">\n\t\t\t\t<div class=\"elementor-widget-container\">\n\t\t\t\t\t\t\t\t\t<p>EUROOPA KOSMOSERAKENDUSE R\u00c4NDN\u00c4ITUS \u2022<br>KESKAJA P\u00c4EVAD \u2022<br>AASTAVAHETUSED VABADUSE V\u00c4LJAKUL \u2022<br>GUMBALL 3000 RAEKOJA PLATSIL \u2022<br>VABADUSSAMBA AVAMINE \u2022<br>VABADUSE V\u00c4LJAKU AVAMINE \u2022<br>WETT RAGBI SHOW \u2022<br>TEADLASTE \u00d6\u00d6 \u2022<br>EUROOPA P\u00c4EV \u2022<br>TALLINNA P\u00c4EV \u2022<br>ISLANDI P\u00c4EV \u2022<br>NATO P\u00c4EV \u2022<br>EMADEP\u00c4EV \u2022<br>MAAILMA P\u00c4EVAD<\/p>\t\t\t\t\t\t\t\t<\/div>\n\t\t\t\t<\/div>\n\t\t\t\t\t<\/div>\n\t\t<\/div>\n\t\t\t\t\t<\/div>\n\t\t<\/section>\n\t\t\t\t<section class=\"elementor-section elementor-top-section elementor-element elementor-element-b90e074 elementor-section-boxed elementor-section-height-default elementor-section-height-default\" data-id=\"b90e074\" data-element_type=\"section\" data-e-type=\"section\">\n\t\t\t\t\t\t<div class=\"elementor-container elementor-column-gap-default\">\n\t\t\t\t\t<div class=\"elementor-column elementor-col-100 elementor-top-column elementor-element elementor-element-e18cbaa\" data-id=\"e18cbaa\" data-element_type=\"column\" data-e-type=\"column\">\n\t\t\t<div class=\"elementor-widget-wrap elementor-element-populated\">\n\t\t\t\t\t\t<div class=\"elementor-element elementor-element-3b46071 elementor-widget elementor-widget-spacer\" data-id=\"3b46071\" data-element_type=\"widget\" data-e-type=\"widget\" data-widget_type=\"spacer.default\">\n\t\t\t\t<div class=\"elementor-widget-container\">\n\t\t\t\t\t\t\t<div class=\"elementor-spacer\">\n\t\t\t<div class=\"elementor-spacer-inner\"><\/div>\n\t\t<\/div>\n\t\t\t\t\t\t<\/div>\n\t\t\t\t<\/div>\n\t\t\t\t\t<\/div>\n\t\t<\/div>\n\t\t\t\t\t<\/div>\n\t\t<\/section>\n\t\t\t\t<\/div>","protected":false},"excerpt":{"rendered":"<p>Vabaduse v\u00e4ljak ja Raekoja plats Previous Next Tehtud \u00fcritused EUROOPA KOSMOSERAKENDUSE R\u00c4NDN\u00c4ITUS \u2022KESKAJA P\u00c4EVAD \u2022AASTAVAHETUSED VABADUSE V\u00c4LJAKUL \u2022GUMBALL 3000 RAEKOJA PLATSIL \u2022VABADUSSAMBA AVAMINE \u2022VABADUSE V\u00c4LJAKU AVAMINE \u2022WETT RAGBI SHOW \u2022TEADLASTE \u00d6\u00d6 \u2022EUROOPA P\u00c4EV \u2022TALLINNA P\u00c4EV \u2022ISLANDI P\u00c4EV \u2022NATO P\u00c4EV \u2022EMADEP\u00c4EV \u2022MAAILMA P\u00c4EVAD<\/p>","protected":false},"author":1,"featured_media":0,"parent":0,"menu_order":0,"comment_status":"closed","ping_status":"closed","template":"elementor_header_footer","meta":{"neve_meta_sidebar":"","neve_meta_container":"","neve_meta_enable_content_width":"","neve_meta_content_width":0,"neve_meta_title_alignment":"","neve_meta_author_avatar":"","neve_post_elements_order":"","neve_meta_disable_header":"","neve_meta_disable_footer":"","neve_meta_disable_title":"","footnotes":""},"class_list":["post-416","page","type-page","status-publish","hentry"],"yoast_head":"<!-- This site is optimized with the Yoast SEO plugin v26.9 - https:\/\/yoast.com\/product\/yoast-seo-wordpress\/ -->\n<title>Vabaduse v\u00e4ljak ja Raekoja plats - MEESKOND<\/title>\n<meta name=\"robots\" content=\"index, follow, max-snippet:-1, max-image-preview:large, max-video-preview:-1\" \/>\n<link rel=\"canonical\" href=\"https:\/\/meeskond.ee\/vabaduse-valjak-ja-raekoja-plats\/\" \/>\n<meta property=\"og:locale\" content=\"en_US\" \/>\n<meta property=\"og:type\" content=\"article\" \/>\n<meta property=\"og:title\" content=\"Vabaduse v\u00e4ljak ja Raekoja plats - MEESKOND\" \/>\n<meta property=\"og:description\" content=\"Vabaduse v\u00e4ljak ja Raekoja plats Previous Next Tehtud \u00fcritused EUROOPA KOSMOSERAKENDUSE R\u00c4NDN\u00c4ITUS \u2022KESKAJA P\u00c4EVAD \u2022AASTAVAHETUSED VABADUSE V\u00c4LJAKUL \u2022GUMBALL 3000 RAEKOJA PLATSIL \u2022VABADUSSAMBA AVAMINE \u2022VABADUSE V\u00c4LJAKU AVAMINE \u2022WETT RAGBI SHOW \u2022TEADLASTE \u00d6\u00d6 \u2022EUROOPA P\u00c4EV \u2022TALLINNA P\u00c4EV \u2022ISLANDI P\u00c4EV \u2022NATO P\u00c4EV \u2022EMADEP\u00c4EV \u2022MAAILMA P\u00c4EVAD\" \/>\n<meta property=\"og:url\" content=\"https:\/\/meeskond.ee\/vabaduse-valjak-ja-raekoja-plats\/\" \/>\n<meta property=\"og:site_name\" content=\"MEESKOND\" \/>\n<meta property=\"article:publisher\" content=\"https:\/\/www.facebook.com\/meeskond\" \/>\n<meta property=\"article:modified_time\" content=\"2022-07-08T18:39:07+00:00\" \/>\n<meta property=\"og:image\" content=\"http:\/\/www.meeskond.ee\/wp-content\/uploads\/2022\/06\/DSC5957.jpg\" \/>\n<meta name=\"twitter:card\" content=\"summary_large_image\" \/>\n<meta name=\"twitter:label1\" content=\"Est. reading time\" \/>\n\t<meta name=\"twitter:data1\" content=\"2 minutes\" \/>\n<script type=\"application\/ld+json\" class=\"yoast-schema-graph\">{\"@context\":\"https:\/\/schema.org\",\"@graph\":[{\"@type\":\"WebPage\",\"@id\":\"https:\/\/meeskond.ee\/vabaduse-valjak-ja-raekoja-plats\/\",\"url\":\"https:\/\/meeskond.ee\/vabaduse-valjak-ja-raekoja-plats\/\",\"name\":\"Vabaduse v\u00e4ljak ja Raekoja plats - MEESKOND\",\"isPartOf\":{\"@id\":\"https:\/\/meeskond.ee\/#website\"},\"primaryImageOfPage\":{\"@id\":\"https:\/\/meeskond.ee\/vabaduse-valjak-ja-raekoja-plats\/#primaryimage\"},\"image\":{\"@id\":\"https:\/\/meeskond.ee\/vabaduse-valjak-ja-raekoja-plats\/#primaryimage\"},\"thumbnailUrl\":\"http:\/\/www.meeskond.ee\/wp-content\/uploads\/2022\/06\/DSC5957.jpg\",\"datePublished\":\"2022-05-29T10:32:02+00:00\",\"dateModified\":\"2022-07-08T18:39:07+00:00\",\"breadcrumb\":{\"@id\":\"https:\/\/meeskond.ee\/vabaduse-valjak-ja-raekoja-plats\/#breadcrumb\"},\"inLanguage\":\"en-US\",\"potentialAction\":[{\"@type\":\"ReadAction\",\"target\":[\"https:\/\/meeskond.ee\/vabaduse-valjak-ja-raekoja-plats\/\"]}]},{\"@type\":\"ImageObject\",\"inLanguage\":\"en-US\",\"@id\":\"https:\/\/meeskond.ee\/vabaduse-valjak-ja-raekoja-plats\/#primaryimage\",\"url\":\"http:\/\/www.meeskond.ee\/wp-content\/uploads\/2022\/06\/DSC5957.jpg\",\"contentUrl\":\"http:\/\/www.meeskond.ee\/wp-content\/uploads\/2022\/06\/DSC5957.jpg\"},{\"@type\":\"BreadcrumbList\",\"@id\":\"https:\/\/meeskond.ee\/vabaduse-valjak-ja-raekoja-plats\/#breadcrumb\",\"itemListElement\":[{\"@type\":\"ListItem\",\"position\":1,\"name\":\"Avaleht\",\"item\":\"https:\/\/meeskond.ee\/\"},{\"@type\":\"ListItem\",\"position\":2,\"name\":\"Vabaduse v\u00e4ljak ja Raekoja plats\"}]},{\"@type\":\"WebSite\",\"@id\":\"https:\/\/meeskond.ee\/#website\",\"url\":\"https:\/\/meeskond.ee\/\",\"name\":\"MEESKOND\",\"description\":\"\",\"publisher\":{\"@id\":\"https:\/\/meeskond.ee\/#organization\"},\"potentialAction\":[{\"@type\":\"SearchAction\",\"target\":{\"@type\":\"EntryPoint\",\"urlTemplate\":\"https:\/\/meeskond.ee\/?s={search_term_string}\"},\"query-input\":{\"@type\":\"PropertyValueSpecification\",\"valueRequired\":true,\"valueName\":\"search_term_string\"}}],\"inLanguage\":\"en-US\"},{\"@type\":\"Organization\",\"@id\":\"https:\/\/meeskond.ee\/#organization\",\"name\":\"Meeskond Security\",\"url\":\"https:\/\/meeskond.ee\/\",\"logo\":{\"@type\":\"ImageObject\",\"inLanguage\":\"en-US\",\"@id\":\"https:\/\/meeskond.ee\/#\/schema\/logo\/image\/\",\"url\":\"https:\/\/www.meeskond.ee\/wp-content\/uploads\/2022\/07\/meeskond_security_RGB.jpeg\",\"contentUrl\":\"https:\/\/www.meeskond.ee\/wp-content\/uploads\/2022\/07\/meeskond_security_RGB.jpeg\",\"width\":1280,\"height\":371,\"caption\":\"Meeskond Security\"},\"image\":{\"@id\":\"https:\/\/meeskond.ee\/#\/schema\/logo\/image\/\"},\"sameAs\":[\"https:\/\/www.facebook.com\/meeskond\",\"https:\/\/www.instagram.com\/meeskond_security\/?hl=en\"]}]}<\/script>\n<!-- \/ Yoast SEO plugin. -->","yoast_head_json":{"title":"Vabaduse v\u00e4ljak ja Raekoja plats - MEESKOND","robots":{"index":"index","follow":"follow","max-snippet":"max-snippet:-1","max-image-preview":"max-image-preview:large","max-video-preview":"max-video-preview:-1"},"canonical":"https:\/\/meeskond.ee\/vabaduse-valjak-ja-raekoja-plats\/","og_locale":"en_US","og_type":"article","og_title":"Vabaduse v\u00e4ljak ja Raekoja plats - MEESKOND","og_description":"Vabaduse v\u00e4ljak ja Raekoja plats Previous Next Tehtud \u00fcritused EUROOPA KOSMOSERAKENDUSE R\u00c4NDN\u00c4ITUS \u2022KESKAJA P\u00c4EVAD \u2022AASTAVAHETUSED VABADUSE V\u00c4LJAKUL \u2022GUMBALL 3000 RAEKOJA PLATSIL \u2022VABADUSSAMBA AVAMINE \u2022VABADUSE V\u00c4LJAKU AVAMINE \u2022WETT RAGBI SHOW \u2022TEADLASTE \u00d6\u00d6 \u2022EUROOPA P\u00c4EV \u2022TALLINNA P\u00c4EV \u2022ISLANDI P\u00c4EV \u2022NATO P\u00c4EV \u2022EMADEP\u00c4EV \u2022MAAILMA P\u00c4EVAD","og_url":"https:\/\/meeskond.ee\/vabaduse-valjak-ja-raekoja-plats\/","og_site_name":"MEESKOND","article_publisher":"https:\/\/www.facebook.com\/meeskond","article_modified_time":"2022-07-08T18:39:07+00:00","og_image":[{"url":"http:\/\/www.meeskond.ee\/wp-content\/uploads\/2022\/06\/DSC5957.jpg","type":"","width":"","height":""}],"twitter_card":"summary_large_image","twitter_misc":{"Est. reading time":"2 minutes"},"schema":{"@context":"https:\/\/schema.org","@graph":[{"@type":"WebPage","@id":"https:\/\/meeskond.ee\/vabaduse-valjak-ja-raekoja-plats\/","url":"https:\/\/meeskond.ee\/vabaduse-valjak-ja-raekoja-plats\/","name":"Vabaduse v\u00e4ljak ja Raekoja plats - MEESKOND","isPartOf":{"@id":"https:\/\/meeskond.ee\/#website"},"primaryImageOfPage":{"@id":"https:\/\/meeskond.ee\/vabaduse-valjak-ja-raekoja-plats\/#primaryimage"},"image":{"@id":"https:\/\/meeskond.ee\/vabaduse-valjak-ja-raekoja-plats\/#primaryimage"},"thumbnailUrl":"http:\/\/www.meeskond.ee\/wp-content\/uploads\/2022\/06\/DSC5957.jpg","datePublished":"2022-05-29T10:32:02+00:00","dateModified":"2022-07-08T18:39:07+00:00","breadcrumb":{"@id":"https:\/\/meeskond.ee\/vabaduse-valjak-ja-raekoja-plats\/#breadcrumb"},"inLanguage":"en-US","potentialAction":[{"@type":"ReadAction","target":["https:\/\/meeskond.ee\/vabaduse-valjak-ja-raekoja-plats\/"]}]},{"@type":"ImageObject","inLanguage":"en-US","@id":"https:\/\/meeskond.ee\/vabaduse-valjak-ja-raekoja-plats\/#primaryimage","url":"http:\/\/www.meeskond.ee\/wp-content\/uploads\/2022\/06\/DSC5957.jpg","contentUrl":"http:\/\/www.meeskond.ee\/wp-content\/uploads\/2022\/06\/DSC5957.jpg"},{"@type":"BreadcrumbList","@id":"https:\/\/meeskond.ee\/vabaduse-valjak-ja-raekoja-plats\/#breadcrumb","itemListElement":[{"@type":"ListItem","position":1,"name":"Avaleht","item":"https:\/\/meeskond.ee\/"},{"@type":"ListItem","position":2,"name":"Vabaduse v\u00e4ljak ja Raekoja plats"}]},{"@type":"WebSite","@id":"https:\/\/meeskond.ee\/#website","url":"https:\/\/meeskond.ee\/","name":"MEESKOND","description":"","publisher":{"@id":"https:\/\/meeskond.ee\/#organization"},"potentialAction":[{"@type":"SearchAction","target":{"@type":"EntryPoint","urlTemplate":"https:\/\/meeskond.ee\/?s={search_term_string}"},"query-input":{"@type":"PropertyValueSpecification","valueRequired":true,"valueName":"search_term_string"}}],"inLanguage":"en-US"},{"@type":"Organization","@id":"https:\/\/meeskond.ee\/#organization","name":"Meeskond Security","url":"https:\/\/meeskond.ee\/","logo":{"@type":"ImageObject","inLanguage":"en-US","@id":"https:\/\/meeskond.ee\/#\/schema\/logo\/image\/","url":"https:\/\/www.meeskond.ee\/wp-content\/uploads\/2022\/07\/meeskond_security_RGB.jpeg","contentUrl":"https:\/\/www.meeskond.ee\/wp-content\/uploads\/2022\/07\/meeskond_security_RGB.jpeg","width":1280,"height":371,"caption":"Meeskond Security"},"image":{"@id":"https:\/\/meeskond.ee\/#\/schema\/logo\/image\/"},"sameAs":["https:\/\/www.facebook.com\/meeskond","https:\/\/www.instagram.com\/meeskond_security\/?hl=en"]}]}},"_links":{"self":[{"href":"http:\/\/www.meeskond.ee\/en\/wp-json\/wp\/v2\/pages\/416","targetHints":{"allow":["GET"]}}],"collection":[{"href":"http:\/\/www.meeskond.ee\/en\/wp-json\/wp\/v2\/pages"}],"about":[{"href":"http:\/\/www.meeskond.ee\/en\/wp-json\/wp\/v2\/types\/page"}],"author":[{"embeddable":true,"href":"http:\/\/www.meeskond.ee\/en\/wp-json\/wp\/v2\/users\/1"}],"replies":[{"embeddable":true,"href":"http:\/\/www.meeskond.ee\/en\/wp-json\/wp\/v2\/comments?post=416"}],"version-history":[{"count":5,"href":"http:\/\/www.meeskond.ee\/en\/wp-json\/wp\/v2\/pages\/416\/revisions"}],"predecessor-version":[{"id":1373,"href":"http:\/\/www.meeskond.ee\/en\/wp-json\/wp\/v2\/pages\/416\/revisions\/1373"}],"wp:attachment":[{"href":"http:\/\/www.meeskond.ee\/en\/wp-json\/wp\/v2\/media?parent=416"}],"curies":[{"name":"wp","href":"https:\/\/api.w.org\/{rel}","templated":true}]}}